{"id":609,"date":"2023-02-20T16:11:59","date_gmt":"2023-02-20T13:11:59","guid":{"rendered":"https:\/\/dayanisma.localmakers.com.tr\/deprem\/?page_id=609"},"modified":"2023-02-20T16:14:36","modified_gmt":"2023-02-20T13:14:36","slug":"iletisim-formu-aydinlatma-metni","status":"publish","type":"page","link":"https:\/\/dayanisma.localmakers.com.tr\/deprem\/iletisim-formu-aydinlatma-metni\/","title":{"rendered":"\u0130leti\u015fim Formu Ayd\u0131nlatma Metni"},"content":{"rendered":"\t\t<div data-elementor-type=\"wp-page\" data-elementor-id=\"609\" class=\"elementor elementor-609\" data-elementor-post-type=\"page\">\n\t\t\t\t\t\t<section class=\"elementor-section elementor-top-section elementor-element elementor-element-f0ff601 elementor-section-boxed elementor-section-height-default elementor-section-height-default\" data-id=\"f0ff601\" data-element_type=\"section\">\n\t\t\t\t\t\t<div class=\"elementor-container elementor-column-gap-default\">\n\t\t\t\t\t<div class=\"elementor-column elementor-col-100 elementor-top-column elementor-element elementor-element-e124dc0\" data-id=\"e124dc0\" data-element_type=\"column\">\n\t\t\t<div class=\"elementor-widget-wrap elementor-element-populated\">\n\t\t\t\t\t\t<div class=\"elementor-element elementor-element-b069650 elementor-widget elementor-widget-heading\" data-id=\"b069650\" data-element_type=\"widget\" data-widget_type=\"heading.default\">\n\t\t\t\t<div class=\"elementor-widget-container\">\n\t\t\t\t\t<h1 class=\"elementor-heading-title elementor-size-default\">K\u0130\u015e\u0130SEL VER\u0130LER\u0130N \u0130\u015eLENMES\u0130 HAKKINDA AYDINLATMA METN\u0130 - \u0130LET\u0130\u015e\u0130M FORMU<\/h1>\t\t\t\t<\/div>\n\t\t\t\t<\/div>\n\t\t\t\t<div class=\"elementor-element elementor-element-ce22153 elementor-widget elementor-widget-text-editor\" data-id=\"ce22153\" data-element_type=\"widget\" data-widget_type=\"text-editor.default\">\n\t\t\t\t<div class=\"elementor-widget-container\">\n\t\t\t\t\t\t\t\t\t<p>Ya\u011fmur \u00c7oban \u015eah\u0131s \u015eirketi (\u201c\u015eirket\u201d) olarak, ki\u015fisel verilerinizin korunmas\u0131na \u00f6nem veriyoruz. Bu ayd\u0131nlatma metni ile, <a href=\"https:\/\/dayanisma.localmakers.com.tr\/deprem\/deprem\/\">https:\/\/dayanisma.localmakers.com.tr\/deprem\/deprem\/<\/a> internet sitemizde yer alan ileti\u015fim formu arac\u0131l\u0131\u011f\u0131yla ki\u015fisel verilerinizi nas\u0131l i\u015fledi\u011fimiz hakk\u0131nda sizi bilgilendirmeyi ama\u00e7l\u0131yoruz.<\/p><p>\u00a0<\/p><p><strong>A. Ki\u015fisel Verilerinizin \u0130\u015flenme Ama\u00e7lar\u0131 ve Hukuki Sebepleri <\/strong><\/p><p><a href=\"https:\/\/www.mevzuat.gov.tr\/MevzuatMetin\/1.5.6698.pdf\">Ki\u015fisel Verilerin Korunmas\u0131 Kanunu<\/a>\u2019nun (\u201c<strong>Kanun<\/strong>\u201d) 5. ve 6. maddeleri, ki\u015fisel veri i\u015flemenin hukuki sebeplerini d\u00fczenlemektedir. A\u015fa\u011f\u0131da ki\u015fisel verilerinizin i\u015flenme ama\u00e7lar\u0131 ve hukuki sebeplerine yer verilmi\u015ftir: \u00a0<\/p><p>Ki\u015fisel verileriniz<em>,<\/em> <em>veri i\u015flemenin me\u015fru menfaatlerimiz i\u00e7in zorunlu olmas\u0131<\/em> hukuki sebeplerine dayal\u0131 olarak a\u015fa\u011f\u0131daki ama\u00e7larla i\u015flenmektedir:<\/p><ul><li>Soru, yorum ve fikirleriniz hakk\u0131nda detayl\u0131 bilgi edinilmesi amac\u0131yla sizinle ileti\u015fime ge\u00e7ilmesi,<\/li><li>Soru, yorum ve fikirlerinizin sonu\u00e7land\u0131r\u0131lmas\u0131,<\/li><li>\u0130\u015f faaliyetlerimizin incelenmesi ve denetlenmesi,<\/li><li>\u0130\u015fletme bilgilerinizin g\u00fcncellenmesi.<\/li><\/ul><p>\u00a0<\/p><p>Ki\u015fisel verileriniz, <em>veri i\u015flemenin bir hakk\u0131n tesisi, kullan\u0131lmas\u0131 veya korunmas\u0131 zorunlu olmas\u0131<\/em> hukuki sebebine dayal\u0131 olarak a\u015fa\u011f\u0131daki ama\u00e7la i\u015flenmektedir:<\/p><ul><li>Olas\u0131 bir uyu\u015fmazl\u0131k durumunda haklar\u0131m\u0131z\u0131n korunabilmesi ve kullan\u0131lmas\u0131 ile hukuki s\u00fcre\u00e7lerin y\u00fcr\u00fct\u00fclmesi.<\/li><\/ul><p>Ki\u015fisel verileriniz, hukuki y\u00fck\u00fcml\u00fcl\u00fcklerimizin yerine getirilmesi hukuki sebebine dayal\u0131 olarak a\u015fa\u011f\u0131daki ama\u00e7la i\u015flenmektedir:<\/p><ul><li>Yetkili kurum veya kurulu\u015flar\u0131n \u015eirketimizden talepte bulunmas\u0131 ya da bu kurumlara bildirim yapmam\u0131z\u0131n \u00f6ng\u00f6r\u00fcld\u00fc\u011f\u00fc durumlarda, yasal y\u00fck\u00fcml\u00fcl\u00fcklerimizin yerine getirilmesi (\u00f6rne\u011fin, hukuka ayk\u0131r\u0131 i\u015flem \u015f\u00fcphesi ta\u015f\u0131yan bir i\u015fleme dair bir kamu kurumunun talepte bulunmas\u0131 durumunda bilgilerinizin payla\u015f\u0131lmas\u0131).<\/li><\/ul><p><strong>\u00a0<\/strong><\/p><p><strong>B. \u0130\u015flenen Ki\u015fisel Veriler<\/strong><\/p><p>Bu ayd\u0131nlatma metninde belirtilen ama\u00e7lar dahilinde; kimlik, ileti\u015fim, i\u015flem g\u00fcvenli\u011fi verileriniz ile bize iletti\u011finiz soru, yorum, fikirleriniz ve i\u015fletme bilgileriniz i\u015flenmektedir.<\/p><p>\u00a0<\/p><p><strong>C. Ki\u015fisel Verilerin Payla\u015f\u0131ld\u0131\u011f\u0131 \u00dc\u00e7\u00fcnc\u00fc Ki\u015filer ve Payla\u015f\u0131m Ama\u00e7lar\u0131 <\/strong><\/p><p>Ki\u015fisel verileriniz, bu ayd\u0131nlatma metninin \u201c<strong>B. Ki\u015fisel Verileri \u0130\u015fleme Ama\u00e7lar\u0131 ve Hukuki Sebepleri<\/strong>\u201d ba\u015fl\u0131\u011f\u0131nda belirtilen ama\u00e7lar ve hukuki sebepler kapsam\u0131nda hizmet sa\u011flay\u0131c\u0131lara ve i\u015f ortaklar\u0131na aktar\u0131lmaktad\u0131r. Yetkili kurum ve kurulu\u015flara bilgi sunulmas\u0131 ihtiyac\u0131n\u0131n ortaya \u00e7\u0131kmas\u0131 halinde (\u00f6rne\u011fin bir uyu\u015fmazl\u0131k nedeni ile adli merciler ile payla\u015f\u0131m), yetkili kurum ve kurulu\u015flar ile de payla\u015f\u0131lacakt\u0131r. Ki\u015fisel verilerinizin \u00fc\u00e7\u00fcnc\u00fc taraflara aktar\u0131m\u0131nda Kanun\u2019da belirtilen kurallara uygunluk sa\u011flanmaktad\u0131r.<\/p><p>\u00a0<\/p><p><strong>D. Ki\u015fisel Verilerinizin Toplanma Y\u00f6ntemleri ve Hukuki Sebepleri<\/strong><\/p><p>Ki\u015fisel verileriniz internet sitemizde bulunan ileti\u015fim formu arac\u0131l\u0131\u011f\u0131yla, otomatik ve k\u0131smen otomatik y\u00f6ntemler ile toplanmaktad\u0131r. Ki\u015fisel verileriniz, bir hakk\u0131n tesisi, kullan\u0131lmas\u0131 veya korunmas\u0131, hukuki y\u00fck\u00fcml\u00fcl\u00fcklerin yerine getirilmesi, veri i\u015flemenin me\u015fru menfaatlerimiz i\u00e7in zorunlu olmas\u0131 hukuki sebeplerine dayal\u0131 olarak i\u015flenmektedir.<\/p><p>\u00a0<\/p><p><strong>E. Ki\u015fisel Verilerinize \u0130li\u015fkin Haklar\u0131n\u0131z<\/strong><\/p><p>Ki\u015fisel Verilerin Korunmas\u0131 Kanunu\u2019nun 11. maddesi \u201cilgili ki\u015fi haklar\u0131n\u0131\u201d d\u00fczenlemektedir. Bu madde kapsam\u0131ndaki haklar\u0131n\u0131z\u0131 kullanmak i\u00e7in <strong>info@localmakers.com.tr <\/strong>adresine taleplerinizi i\u00e7eren bir posta iletebilirsiniz. Haklar\u0131n\u0131z\u0131 kullanmak i\u00e7in ayr\u0131ca <a href=\"https:\/\/www.mevzuat.gov.tr\/mevzuat?MevzuatNo=24455&amp;MevzuatTur=9&amp;MevzuatTertip=5\">Veri Sorumlusuna Ba\u015fvuru Usul ve Esaslar\u0131 Hakk\u0131nda Tebli\u011f<\/a>\u2019de belirtilen y\u00f6ntemleri de tercih edebilirsiniz.<\/p>\t\t\t\t\t\t\t\t<\/div>\n\t\t\t\t<\/div>\n\t\t\t\t\t<\/div>\n\t\t<\/div>\n\t\t\t\t\t<\/div>\n\t\t<\/section>\n\t\t\t\t<\/div>\n\t\t","protected":false},"excerpt":{"rendered":"<p>K\u0130\u015e\u0130SEL VER\u0130LER\u0130N \u0130\u015eLENMES\u0130 HAKKINDA AYDINLATMA METN\u0130 &#8211; \u0130LET\u0130\u015e\u0130M FORMU Ya\u011fmur \u00c7oban \u015eah\u0131s \u015eirketi (\u201c\u015eirket\u201d) olarak, ki\u015fisel verilerinizin korunmas\u0131na \u00f6nem veriyoruz. Bu ayd\u0131nlatma metni ile, https:\/\/dayanisma.localmakers.com.tr\/deprem\/ internet sitemizde yer alan ileti\u015fim formu arac\u0131l\u0131\u011f\u0131yla ki\u015fisel verilerinizi nas\u0131l i\u015fledi\u011fimiz hakk\u0131nda sizi bilgilendirmeyi ama\u00e7l\u0131yoruz. \u00a0 A. Ki\u015fisel Verilerinizin \u0130\u015flenme Ama\u00e7lar\u0131 ve Hukuki Sebepleri Ki\u015fisel Verilerin Korunmas\u0131 Kanunu\u2019nun (\u201cKanun\u201d) 5. [&hellip;]<\/p>\n","protected":false},"author":1,"featured_media":0,"parent":0,"menu_order":0,"comment_status":"closed","ping_status":"closed","template":"","meta":{"_acf_changed":false,"_monsterinsights_skip_tracking":false,"_monsterinsights_sitenote_active":false,"_monsterinsights_sitenote_note":"","_monsterinsights_sitenote_category":0,"footnotes":""},"class_list":["post-609","page","type-page","status-publish","hentry"],"acf":[],"yoast_head":"<!-- This site is optimized with the Yoast SEO plugin v24.4 - https:\/\/yoast.com\/wordpress\/plugins\/seo\/ -->\n<title>\u0130leti\u015fim Formu Ayd\u0131nlatma Metni &#8226; Local Makers Dayan\u0131\u015fma<\/title>\n<meta name=\"description\" content=\"\u0130leti\u015fim formu ayd\u0131nlatma metnimiz.\" \/>\n<meta name=\"robots\" content=\"index, follow, max-snippet:-1, max-image-preview:large, max-video-preview:-1\" \/>\n<link rel=\"canonical\" href=\"https:\/\/dayanisma.localmakers.com.tr\/deprem\/iletisim-formu-aydinlatma-metni\/\" \/>\n<meta property=\"og:locale\" content=\"tr_TR\" \/>\n<meta property=\"og:type\" content=\"article\" \/>\n<meta property=\"og:title\" content=\"\u0130leti\u015fim Formu Ayd\u0131nlatma Metni &#8226; Local Makers Dayan\u0131\u015fma\" \/>\n<meta property=\"og:description\" content=\"\u0130leti\u015fim formu ayd\u0131nlatma metnimiz.\" \/>\n<meta property=\"og:url\" content=\"https:\/\/dayanisma.localmakers.com.tr\/deprem\/iletisim-formu-aydinlatma-metni\/\" \/>\n<meta property=\"og:site_name\" content=\"Local Makers Dayan\u0131\u015fma\" \/>\n<meta property=\"article:modified_time\" content=\"2023-02-20T13:14:36+00:00\" \/>\n<meta property=\"og:image\" content=\"https:\/\/dayanisma.localmakers.com.tr\/deprem\/wp-content\/uploads\/2023\/02\/Dayanisma-Agi.jpg\" \/>\n\t<meta property=\"og:image:width\" content=\"1200\" \/>\n\t<meta property=\"og:image:height\" content=\"630\" \/>\n\t<meta property=\"og:image:type\" content=\"image\/jpeg\" \/>\n<meta name=\"twitter:card\" content=\"summary_large_image\" \/>\n<meta name=\"twitter:label1\" content=\"Tahmini okuma s\u00fcresi\" \/>\n\t<meta name=\"twitter:data1\" content=\"3 dakika\" \/>\n<script type=\"application\/ld+json\" class=\"yoast-schema-graph\">{\"@context\":\"https:\/\/schema.org\",\"@graph\":[{\"@type\":\"WebPage\",\"@id\":\"https:\/\/dayanisma.localmakers.com.tr\/deprem\/iletisim-formu-aydinlatma-metni\/\",\"url\":\"https:\/\/dayanisma.localmakers.com.tr\/deprem\/iletisim-formu-aydinlatma-metni\/\",\"name\":\"\u0130leti\u015fim Formu Ayd\u0131nlatma Metni &#8226; Local Makers Dayan\u0131\u015fma\",\"isPartOf\":{\"@id\":\"https:\/\/dayanisma.localmakers.com.tr\/deprem\/#website\"},\"datePublished\":\"2023-02-20T13:11:59+00:00\",\"dateModified\":\"2023-02-20T13:14:36+00:00\",\"description\":\"\u0130leti\u015fim formu ayd\u0131nlatma metnimiz.\",\"breadcrumb\":{\"@id\":\"https:\/\/dayanisma.localmakers.com.tr\/deprem\/iletisim-formu-aydinlatma-metni\/#breadcrumb\"},\"inLanguage\":\"tr\",\"potentialAction\":[{\"@type\":\"ReadAction\",\"target\":[\"https:\/\/dayanisma.localmakers.com.tr\/deprem\/iletisim-formu-aydinlatma-metni\/\"]}]},{\"@type\":\"BreadcrumbList\",\"@id\":\"https:\/\/dayanisma.localmakers.com.tr\/deprem\/iletisim-formu-aydinlatma-metni\/#breadcrumb\",\"itemListElement\":[{\"@type\":\"ListItem\",\"position\":1,\"name\":\"Home\",\"item\":\"https:\/\/dayanisma.localmakers.com.tr\/deprem\/\"},{\"@type\":\"ListItem\",\"position\":2,\"name\":\"\u0130leti\u015fim Formu Ayd\u0131nlatma Metni\"}]},{\"@type\":\"WebSite\",\"@id\":\"https:\/\/dayanisma.localmakers.com.tr\/deprem\/#website\",\"url\":\"https:\/\/dayanisma.localmakers.com.tr\/deprem\/\",\"name\":\"Local Makers Dayan\u0131\u015fma\",\"description\":\"\",\"publisher\":{\"@id\":\"https:\/\/dayanisma.localmakers.com.tr\/deprem\/#organization\"},\"potentialAction\":[{\"@type\":\"SearchAction\",\"target\":{\"@type\":\"EntryPoint\",\"urlTemplate\":\"https:\/\/dayanisma.localmakers.com.tr\/deprem\/?s={search_term_string}\"},\"query-input\":{\"@type\":\"PropertyValueSpecification\",\"valueRequired\":true,\"valueName\":\"search_term_string\"}}],\"inLanguage\":\"tr\"},{\"@type\":\"Organization\",\"@id\":\"https:\/\/dayanisma.localmakers.com.tr\/deprem\/#organization\",\"name\":\"Local Makers\",\"url\":\"https:\/\/dayanisma.localmakers.com.tr\/deprem\/\",\"logo\":{\"@type\":\"ImageObject\",\"inLanguage\":\"tr\",\"@id\":\"https:\/\/dayanisma.localmakers.com.tr\/deprem\/#\/schema\/logo\/image\/\",\"url\":\"https:\/\/dayanisma.localmakers.com.tr\/wp-content\/uploads\/2023\/02\/323960333_212825964461221_2732252521807638944_n.jpg\",\"contentUrl\":\"https:\/\/dayanisma.localmakers.com.tr\/wp-content\/uploads\/2023\/02\/323960333_212825964461221_2732252521807638944_n.jpg\",\"width\":1080,\"height\":1080,\"caption\":\"Local Makers\"},\"image\":{\"@id\":\"https:\/\/dayanisma.localmakers.com.tr\/deprem\/#\/schema\/logo\/image\/\"},\"sameAs\":[\"https:\/\/www.instagram.com\/localmakers.tr\/\"]}]}<\/script>\n<!-- \/ Yoast SEO plugin. -->","yoast_head_json":{"title":"\u0130leti\u015fim Formu Ayd\u0131nlatma Metni &#8226; Local Makers Dayan\u0131\u015fma","description":"\u0130leti\u015fim formu ayd\u0131nlatma metnimiz.","robots":{"index":"index","follow":"follow","max-snippet":"max-snippet:-1","max-image-preview":"max-image-preview:large","max-video-preview":"max-video-preview:-1"},"canonical":"https:\/\/dayanisma.localmakers.com.tr\/deprem\/iletisim-formu-aydinlatma-metni\/","og_locale":"tr_TR","og_type":"article","og_title":"\u0130leti\u015fim Formu Ayd\u0131nlatma Metni &#8226; Local Makers Dayan\u0131\u015fma","og_description":"\u0130leti\u015fim formu ayd\u0131nlatma metnimiz.","og_url":"https:\/\/dayanisma.localmakers.com.tr\/deprem\/iletisim-formu-aydinlatma-metni\/","og_site_name":"Local Makers Dayan\u0131\u015fma","article_modified_time":"2023-02-20T13:14:36+00:00","og_image":[{"width":1200,"height":630,"url":"https:\/\/dayanisma.localmakers.com.tr\/deprem\/wp-content\/uploads\/2023\/02\/Dayanisma-Agi.jpg","type":"image\/jpeg"}],"twitter_card":"summary_large_image","twitter_misc":{"Tahmini okuma s\u00fcresi":"3 dakika"},"schema":{"@context":"https:\/\/schema.org","@graph":[{"@type":"WebPage","@id":"https:\/\/dayanisma.localmakers.com.tr\/deprem\/iletisim-formu-aydinlatma-metni\/","url":"https:\/\/dayanisma.localmakers.com.tr\/deprem\/iletisim-formu-aydinlatma-metni\/","name":"\u0130leti\u015fim Formu Ayd\u0131nlatma Metni &#8226; Local Makers Dayan\u0131\u015fma","isPartOf":{"@id":"https:\/\/dayanisma.localmakers.com.tr\/deprem\/#website"},"datePublished":"2023-02-20T13:11:59+00:00","dateModified":"2023-02-20T13:14:36+00:00","description":"\u0130leti\u015fim formu ayd\u0131nlatma metnimiz.","breadcrumb":{"@id":"https:\/\/dayanisma.localmakers.com.tr\/deprem\/iletisim-formu-aydinlatma-metni\/#breadcrumb"},"inLanguage":"tr","potentialAction":[{"@type":"ReadAction","target":["https:\/\/dayanisma.localmakers.com.tr\/deprem\/iletisim-formu-aydinlatma-metni\/"]}]},{"@type":"BreadcrumbList","@id":"https:\/\/dayanisma.localmakers.com.tr\/deprem\/iletisim-formu-aydinlatma-metni\/#breadcrumb","itemListElement":[{"@type":"ListItem","position":1,"name":"Home","item":"https:\/\/dayanisma.localmakers.com.tr\/deprem\/"},{"@type":"ListItem","position":2,"name":"\u0130leti\u015fim Formu Ayd\u0131nlatma Metni"}]},{"@type":"WebSite","@id":"https:\/\/dayanisma.localmakers.com.tr\/deprem\/#website","url":"https:\/\/dayanisma.localmakers.com.tr\/deprem\/","name":"Local Makers Dayan\u0131\u015fma","description":"","publisher":{"@id":"https:\/\/dayanisma.localmakers.com.tr\/deprem\/#organization"},"potentialAction":[{"@type":"SearchAction","target":{"@type":"EntryPoint","urlTemplate":"https:\/\/dayanisma.localmakers.com.tr\/deprem\/?s={search_term_string}"},"query-input":{"@type":"PropertyValueSpecification","valueRequired":true,"valueName":"search_term_string"}}],"inLanguage":"tr"},{"@type":"Organization","@id":"https:\/\/dayanisma.localmakers.com.tr\/deprem\/#organization","name":"Local Makers","url":"https:\/\/dayanisma.localmakers.com.tr\/deprem\/","logo":{"@type":"ImageObject","inLanguage":"tr","@id":"https:\/\/dayanisma.localmakers.com.tr\/deprem\/#\/schema\/logo\/image\/","url":"https:\/\/dayanisma.localmakers.com.tr\/wp-content\/uploads\/2023\/02\/323960333_212825964461221_2732252521807638944_n.jpg","contentUrl":"https:\/\/dayanisma.localmakers.com.tr\/wp-content\/uploads\/2023\/02\/323960333_212825964461221_2732252521807638944_n.jpg","width":1080,"height":1080,"caption":"Local Makers"},"image":{"@id":"https:\/\/dayanisma.localmakers.com.tr\/deprem\/#\/schema\/logo\/image\/"},"sameAs":["https:\/\/www.instagram.com\/localmakers.tr\/"]}]}},"_links":{"self":[{"href":"https:\/\/dayanisma.localmakers.com.tr\/deprem\/wp-json\/wp\/v2\/pages\/609","targetHints":{"allow":["GET"]}}],"collection":[{"href":"https:\/\/dayanisma.localmakers.com.tr\/deprem\/wp-json\/wp\/v2\/pages"}],"about":[{"href":"https:\/\/dayanisma.localmakers.com.tr\/deprem\/wp-json\/wp\/v2\/types\/page"}],"author":[{"embeddable":true,"href":"https:\/\/dayanisma.localmakers.com.tr\/deprem\/wp-json\/wp\/v2\/users\/1"}],"replies":[{"embeddable":true,"href":"https:\/\/dayanisma.localmakers.com.tr\/deprem\/wp-json\/wp\/v2\/comments?post=609"}],"version-history":[{"count":4,"href":"https:\/\/dayanisma.localmakers.com.tr\/deprem\/wp-json\/wp\/v2\/pages\/609\/revisions"}],"predecessor-version":[{"id":619,"href":"https:\/\/dayanisma.localmakers.com.tr\/deprem\/wp-json\/wp\/v2\/pages\/609\/revisions\/619"}],"wp:attachment":[{"href":"https:\/\/dayanisma.localmakers.com.tr\/deprem\/wp-json\/wp\/v2\/media?parent=609"}],"curies":[{"name":"wp","href":"https:\/\/api.w.org\/{rel}","templated":true}]}}