{"id":794,"date":"2023-02-21T10:30:29","date_gmt":"2023-02-21T07:30:29","guid":{"rendered":"https:\/\/dayanisma.localmakers.com.tr\/deprem\/?page_id=794"},"modified":"2023-02-21T11:01:07","modified_gmt":"2023-02-21T08:01:07","slug":"hizli-dayanisma-basvurusu","status":"publish","type":"page","link":"https:\/\/dayanisma.localmakers.com.tr\/deprem\/hizli-dayanisma-basvurusu\/","title":{"rendered":"H\u0131zl\u0131 Dayan\u0131\u015fma Ba\u015fvurusu"},"content":{"rendered":"\t\t<div data-elementor-type=\"wp-page\" data-elementor-id=\"794\" class=\"elementor elementor-794\" data-elementor-post-type=\"page\">\n\t\t\t\t\t\t<section class=\"elementor-section elementor-top-section elementor-element elementor-element-bfce1d4 elementor-section-height-min-height elementor-section-items-top elementor-section-boxed elementor-section-height-default elementor-invisible\" data-id=\"bfce1d4\" data-element_type=\"section\" data-settings=\"{&quot;animation&quot;:&quot;fadeIn&quot;}\">\n\t\t\t\t\t\t<div class=\"elementor-container elementor-column-gap-default\">\n\t\t\t\t\t<div class=\"elementor-column elementor-col-100 elementor-top-column elementor-element elementor-element-c35b99d\" data-id=\"c35b99d\" data-element_type=\"column\">\n\t\t\t<div class=\"elementor-widget-wrap elementor-element-populated\">\n\t\t\t\t\t\t<div class=\"elementor-element elementor-element-93b687d elementor-widget elementor-widget-heading\" data-id=\"93b687d\" data-element_type=\"widget\" data-widget_type=\"heading.default\">\n\t\t\t\t<div class=\"elementor-widget-container\">\n\t\t\t\t\t<h1 class=\"elementor-heading-title elementor-size-default\">H\u0131zl\u0131 Dayan\u0131\u015fma \u00c7a\u011fr\u0131s\u0131 Ba\u015fvuru Formu<\/h1>\t\t\t\t<\/div>\n\t\t\t\t<\/div>\n\t\t\t\t<div class=\"elementor-element elementor-element-1a5db49 elementor-widget elementor-widget-text-editor\" data-id=\"1a5db49\" data-element_type=\"widget\" data-widget_type=\"text-editor.default\">\n\t\t\t\t<div class=\"elementor-widget-container\">\n\t\t\t\t\t\t\t\t\t<p>Deprem b\u00f6lgesinde yer alan \u00fcreticiyseniz ve h\u0131zl\u0131 bir \u015fekilde sat\u0131lmas\u0131 gereken \u00fcr\u00fcnleriniz var ise; a\u015fa\u011f\u0131daki formu doldurabilirsiniz. Bu \u00e7a\u011fr\u0131lar depolama yap\u0131lmas\u0131 m\u00fcmk\u00fcn olmayan ve k\u0131sa s\u00fcrede bozulabilece\u011fi i\u00e7in toptan olarak h\u0131zl\u0131ca sat\u0131\u015f\u0131n\u0131n yap\u0131lmas\u0131n\u0131 gerektiren sebepler bar\u0131nd\u0131ran \u00fcr\u00fcnler i\u00e7in olu\u015fturulmaktad\u0131r.<\/p>\t\t\t\t\t\t\t\t<\/div>\n\t\t\t\t<\/div>\n\t\t\t\t<div class=\"elementor-element elementor-element-e50690d elementor-widget elementor-widget-wpforms\" data-id=\"e50690d\" data-element_type=\"widget\" data-widget_type=\"wpforms.default\">\n\t\t\t\t<div class=\"elementor-widget-container\">\n\t\t\t\t\t<div class=\"wpforms-container wpforms-container-full\" id=\"wpforms-789\"><form id=\"wpforms-form-789\" class=\"wpforms-validate wpforms-form wpforms-ajax-form\" data-formid=\"789\" method=\"post\" enctype=\"multipart\/form-data\" action=\"\/deprem\/wp-json\/wp\/v2\/pages\/794\" data-token=\"2c6b011a95c17d626a60c6285b5305de\"><noscript class=\"wpforms-error-noscript\">Bu formu bitirebilmek i\u00e7in taray\u0131c\u0131n\u0131zda JavaScript&#039;i etkinle\u015ftirin.<\/noscript><div class=\"wpforms-field-container\"><div id=\"wpforms-789-field_28-container\" class=\"wpforms-field wpforms-field-layout\" data-field-id=\"28\"><label class=\"wpforms-field-label wpforms-label-hide\" for=\"wpforms-789-field_28\">Layout<\/label><div class=\"wpforms-field-layout-columns wpforms-field-layout-preset-33-33-33\"><div class=\"wpforms-layout-column wpforms-layout-column-33\"><div id=\"wpforms-789-field_1-container\" class=\"wpforms-field wpforms-field-text\" data-field-id=\"1\"><label class=\"wpforms-field-label\" for=\"wpforms-789-field_1\">\u0130\u015fletmenizin Ad\u0131 <span class=\"wpforms-required-label\">*<\/span><\/label><input type=\"text\" id=\"wpforms-789-field_1\" class=\"wpforms-field-large wpforms-field-required\" name=\"wpforms[fields][1]\" required><\/div><\/div><div class=\"wpforms-layout-column wpforms-layout-column-33\"><div id=\"wpforms-789-field_29-container\" class=\"wpforms-field wpforms-field-text\" data-field-id=\"29\"><label class=\"wpforms-field-label\" for=\"wpforms-789-field_29\">\u0130\u015fletmenizin konumu <span class=\"wpforms-required-label\">*<\/span><\/label><input type=\"text\" id=\"wpforms-789-field_29\" class=\"wpforms-field-large wpforms-field-required\" name=\"wpforms[fields][29]\" required><div class=\"wpforms-field-description\">\u0130l\/il\u00e7e olarak belirtebilirsiniz.<\/div><\/div><\/div><div class=\"wpforms-layout-column wpforms-layout-column-33\"><\/div><\/div><\/div><div id=\"wpforms-789-field_32-container\" class=\"wpforms-field wpforms-field-layout\" data-field-id=\"32\"><label class=\"wpforms-field-label wpforms-label-hide\" for=\"wpforms-789-field_32\">Layout<\/label><div class=\"wpforms-field-layout-columns wpforms-field-layout-preset-50-50\"><div class=\"wpforms-layout-column wpforms-layout-column-50\"><div id=\"wpforms-789-field_31-container\" class=\"wpforms-field wpforms-field-text\" data-field-id=\"31\"><label class=\"wpforms-field-label\" for=\"wpforms-789-field_31\">\u0130htiya\u00e7 Ba\u015fl\u0131\u011f\u0131 <span class=\"wpforms-required-label\">*<\/span><\/label><input type=\"text\" id=\"wpforms-789-field_31\" class=\"wpforms-field-medium wpforms-field-required\" name=\"wpforms[fields][31]\" required><div class=\"wpforms-field-description\">Konuyu k\u0131saca belirtiniz. \"\u00c7oklu fidan al\u0131m\u0131\" gibi.<\/div><\/div><\/div><div class=\"wpforms-layout-column wpforms-layout-column-50\"><div id=\"wpforms-789-field_30-container\" class=\"wpforms-field wpforms-field-text\" data-field-id=\"30\"><label class=\"wpforms-field-label\" for=\"wpforms-789-field_30\">Ne kadar s\u00fcrede deste\u011fe ihtiyac\u0131n\u0131z var? <span class=\"wpforms-required-label\">*<\/span><\/label><input type=\"text\" id=\"wpforms-789-field_30\" class=\"wpforms-field-medium wpforms-field-required\" name=\"wpforms[fields][30]\" required><div class=\"wpforms-field-description\">Elinizdeki \u00fcr\u00fcn\u00fcn bozulma s\u00fcresini belirtmenizi rica ederiz.<\/div><\/div><\/div><\/div><\/div><div id=\"wpforms-789-field_22-container\" class=\"wpforms-field wpforms-field-textarea\" data-field-id=\"22\"><label class=\"wpforms-field-label\" for=\"wpforms-789-field_22\">L\u00fctfen h\u0131zl\u0131 deste\u011fe ihtiya\u00e7 duydu\u011funuz durumu a\u00e7\u0131klay\u0131n\u0131z. <span class=\"wpforms-required-label\">*<\/span><\/label><textarea id=\"wpforms-789-field_22\" class=\"wpforms-field-medium wpforms-field-required\" name=\"wpforms[fields][22]\" required><\/textarea><\/div><div id=\"wpforms-789-field_19-container\" class=\"wpforms-field wpforms-field-layout\" data-field-id=\"19\"><label class=\"wpforms-field-label wpforms-label-hide\" for=\"wpforms-789-field_19\">Layout<\/label><div class=\"wpforms-field-layout-columns wpforms-field-layout-preset-33-33-33\"><div class=\"wpforms-layout-column wpforms-layout-column-33\"><div id=\"wpforms-789-field_33-container\" class=\"wpforms-field wpforms-field-name\" data-field-id=\"33\"><label class=\"wpforms-field-label\" for=\"wpforms-789-field_33\">Ad &amp; Soyad <span class=\"wpforms-required-label\">*<\/span><\/label><input type=\"text\" id=\"wpforms-789-field_33\" class=\"wpforms-field-medium wpforms-field-required\" name=\"wpforms[fields][33]\" required><div class=\"wpforms-field-description\">Destek i\u00e7in ileti\u015fim kurulacak ki\u015finin ad & soyad bilgisi.<\/div><\/div><\/div><div class=\"wpforms-layout-column wpforms-layout-column-33\"><div id=\"wpforms-789-field_20-container\" class=\"wpforms-field wpforms-field-phone\" data-field-id=\"20\"><label class=\"wpforms-field-label\" for=\"wpforms-789-field_20\">Telefon  <span class=\"wpforms-required-label\">*<\/span><\/label><input type=\"tel\" id=\"wpforms-789-field_20\" class=\"wpforms-field-medium wpforms-field-required\" data-rule-int-phone-field=\"true\" name=\"wpforms[fields][20]\" required><div class=\"wpforms-field-description\">Telefon numaran\u0131z, destek olabilecek ki\u015filerin size ula\u015fabilmesi i\u00e7in herkese a\u00e7\u0131k olarak listelenecektir.<\/div><\/div><\/div><div class=\"wpforms-layout-column wpforms-layout-column-33\"><div id=\"wpforms-789-field_21-container\" class=\"wpforms-field wpforms-field-email\" data-field-id=\"21\"><label class=\"wpforms-field-label\" for=\"wpforms-789-field_21\">E-posta adresi <span class=\"wpforms-required-label\">*<\/span><\/label><input type=\"email\" id=\"wpforms-789-field_21\" class=\"wpforms-field-medium wpforms-field-required\" name=\"wpforms[fields][21]\" required><\/div><\/div><\/div><\/div><div id=\"wpforms-789-field_27-container\" class=\"wpforms-field wpforms-field-checkbox\" data-field-id=\"27\"><label class=\"wpforms-field-label wpforms-label-hide\" for=\"wpforms-789-field_27\">Ayd\u0131nlatma Metni <span class=\"wpforms-required-label\">*<\/span><\/label><ul id=\"wpforms-789-field_27\" class=\"wpforms-field-required\"><li class=\"choice-1 depth-1\"><input type=\"checkbox\" id=\"wpforms-789-field_27_1\" name=\"wpforms[fields][27][]\" value=\"&lt;u&gt;&lt;a target=&quot;_blank&quot; href=&quot;https:\/\/dayanisma.localmakers.com.tr\/deprem\/isletme-ekleme-formu-aydinlatma-metni\/&quot;&gt;Ayd\u0131nlatma Metni&lt;\/a&gt;&lt;\/u&gt;ni okudum. *\" required ><label class=\"wpforms-field-label-inline\" for=\"wpforms-789-field_27_1\"><u><a target=\"_blank\" href=\"https:\/\/dayanisma.localmakers.com.tr\/deprem\/isletme-ekleme-formu-aydinlatma-metni\/\">Ayd\u0131nlatma Metni<\/a><\/u>ni okudum. *<\/label><\/li><\/ul><\/div><\/div><div class=\"wpforms-submit-container\"><input type=\"hidden\" name=\"wpforms[id]\" value=\"789\"><input type=\"hidden\" name=\"wpforms[author]\" value=\"1\"><button type=\"submit\" name=\"wpforms[submit]\" id=\"wpforms-submit-789\" class=\"wpforms-submit\" data-alt-text=\"G\u00f6nderiliyor...\" data-submit-text=\"G\u00f6nder\" aria-live=\"assertive\" value=\"wpforms-submit\">G\u00f6nder<\/button><img decoding=\"async\" src=\"https:\/\/dayanisma.localmakers.com.tr\/deprem\/wp-content\/plugins\/wpforms\/assets\/images\/submit-spin.svg\" class=\"wpforms-submit-spinner\" style=\"display: none;\" width=\"26\" height=\"26\" alt=\"Y\u00fckleniyor\"><\/div><\/form><\/div>  <!-- .wpforms-container -->\t\t\t\t<\/div>\n\t\t\t\t<\/div>\n\t\t\t\t\t<\/div>\n\t\t<\/div>\n\t\t\t\t\t<\/div>\n\t\t<\/section>\n\t\t\t\t<\/div>\n\t\t","protected":false},"excerpt":{"rendered":"<p>H\u0131zl\u0131 Dayan\u0131\u015fma \u00c7a\u011fr\u0131s\u0131 Ba\u015fvuru Formu Deprem b\u00f6lgesinde yer alan \u00fcreticiyseniz ve h\u0131zl\u0131 bir \u015fekilde sat\u0131lmas\u0131 gereken \u00fcr\u00fcnleriniz var ise; a\u015fa\u011f\u0131daki formu doldurabilirsiniz. Bu \u00e7a\u011fr\u0131lar depolama yap\u0131lmas\u0131 m\u00fcmk\u00fcn olmayan ve k\u0131sa s\u00fcrede bozulabilece\u011fi i\u00e7in toptan olarak h\u0131zl\u0131ca sat\u0131\u015f\u0131n\u0131n yap\u0131lmas\u0131n\u0131 gerektiren sebepler bar\u0131nd\u0131ran \u00fcr\u00fcnler i\u00e7in olu\u015fturulmaktad\u0131r.<\/p>\n","protected":false},"author":1,"featured_media":0,"parent":0,"menu_order":0,"comment_status":"closed","ping_status":"closed","template":"","meta":{"_acf_changed":false,"_monsterinsights_skip_tracking":false,"_monsterinsights_sitenote_active":false,"_monsterinsights_sitenote_note":"","_monsterinsights_sitenote_category":0,"footnotes":""},"class_list":["post-794","page","type-page","status-publish","hentry"],"acf":[],"yoast_head":"<!-- This site is optimized with the Yoast SEO plugin v24.4 - https:\/\/yoast.com\/wordpress\/plugins\/seo\/ -->\n<title>H\u0131zl\u0131 Dayan\u0131\u015fma Ba\u015fvurusu &#8226; Local Makers Dayan\u0131\u015fma<\/title>\n<meta name=\"description\" content=\"Deprem b\u00f6lgesinde yer alan \u00fcreticiyseniz ve h\u0131zl\u0131 bir \u015fekilde sat\u0131lmas\u0131 gereken \u00fcr\u00fcnleriniz var ise; bu sayfadaki formu doldurabilirsiniz.\" \/>\n<meta name=\"robots\" content=\"index, follow, max-snippet:-1, max-image-preview:large, max-video-preview:-1\" \/>\n<link rel=\"canonical\" href=\"https:\/\/dayanisma.localmakers.com.tr\/deprem\/hizli-dayanisma-basvurusu\/\" \/>\n<meta property=\"og:locale\" content=\"tr_TR\" \/>\n<meta property=\"og:type\" content=\"article\" \/>\n<meta property=\"og:title\" content=\"H\u0131zl\u0131 Dayan\u0131\u015fma Ba\u015fvurusu &#8226; Local Makers Dayan\u0131\u015fma\" \/>\n<meta property=\"og:description\" content=\"Deprem b\u00f6lgesinde yer alan \u00fcreticiyseniz ve h\u0131zl\u0131 bir \u015fekilde sat\u0131lmas\u0131 gereken \u00fcr\u00fcnleriniz var ise; bu sayfadaki formu doldurabilirsiniz.\" \/>\n<meta property=\"og:url\" content=\"https:\/\/dayanisma.localmakers.com.tr\/deprem\/hizli-dayanisma-basvurusu\/\" \/>\n<meta property=\"og:site_name\" content=\"Local Makers Dayan\u0131\u015fma\" \/>\n<meta property=\"article:modified_time\" content=\"2023-02-21T08:01:07+00:00\" \/>\n<meta property=\"og:image\" content=\"https:\/\/dayanisma.localmakers.com.tr\/deprem\/wp-content\/uploads\/2023\/02\/Dayanisma-Agi.jpg\" \/>\n\t<meta property=\"og:image:width\" content=\"1200\" \/>\n\t<meta property=\"og:image:height\" content=\"630\" \/>\n\t<meta property=\"og:image:type\" content=\"image\/jpeg\" \/>\n<meta name=\"twitter:card\" content=\"summary_large_image\" \/>\n<meta name=\"twitter:label1\" content=\"Tahmini okuma s\u00fcresi\" \/>\n\t<meta name=\"twitter:data1\" content=\"1 dakika\" \/>\n<script type=\"application\/ld+json\" class=\"yoast-schema-graph\">{\"@context\":\"https:\/\/schema.org\",\"@graph\":[{\"@type\":\"WebPage\",\"@id\":\"https:\/\/dayanisma.localmakers.com.tr\/deprem\/hizli-dayanisma-basvurusu\/\",\"url\":\"https:\/\/dayanisma.localmakers.com.tr\/deprem\/hizli-dayanisma-basvurusu\/\",\"name\":\"H\u0131zl\u0131 Dayan\u0131\u015fma Ba\u015fvurusu &#8226; Local Makers Dayan\u0131\u015fma\",\"isPartOf\":{\"@id\":\"https:\/\/dayanisma.localmakers.com.tr\/deprem\/#website\"},\"datePublished\":\"2023-02-21T07:30:29+00:00\",\"dateModified\":\"2023-02-21T08:01:07+00:00\",\"description\":\"Deprem b\u00f6lgesinde yer alan \u00fcreticiyseniz ve h\u0131zl\u0131 bir \u015fekilde sat\u0131lmas\u0131 gereken \u00fcr\u00fcnleriniz var ise; bu sayfadaki formu doldurabilirsiniz.\",\"breadcrumb\":{\"@id\":\"https:\/\/dayanisma.localmakers.com.tr\/deprem\/hizli-dayanisma-basvurusu\/#breadcrumb\"},\"inLanguage\":\"tr\",\"potentialAction\":[{\"@type\":\"ReadAction\",\"target\":[\"https:\/\/dayanisma.localmakers.com.tr\/deprem\/hizli-dayanisma-basvurusu\/\"]}]},{\"@type\":\"BreadcrumbList\",\"@id\":\"https:\/\/dayanisma.localmakers.com.tr\/deprem\/hizli-dayanisma-basvurusu\/#breadcrumb\",\"itemListElement\":[{\"@type\":\"ListItem\",\"position\":1,\"name\":\"Home\",\"item\":\"https:\/\/dayanisma.localmakers.com.tr\/deprem\/\"},{\"@type\":\"ListItem\",\"position\":2,\"name\":\"H\u0131zl\u0131 Dayan\u0131\u015fma Ba\u015fvurusu\"}]},{\"@type\":\"WebSite\",\"@id\":\"https:\/\/dayanisma.localmakers.com.tr\/deprem\/#website\",\"url\":\"https:\/\/dayanisma.localmakers.com.tr\/deprem\/\",\"name\":\"Local Makers Dayan\u0131\u015fma\",\"description\":\"\",\"publisher\":{\"@id\":\"https:\/\/dayanisma.localmakers.com.tr\/deprem\/#organization\"},\"potentialAction\":[{\"@type\":\"SearchAction\",\"target\":{\"@type\":\"EntryPoint\",\"urlTemplate\":\"https:\/\/dayanisma.localmakers.com.tr\/deprem\/?s={search_term_string}\"},\"query-input\":{\"@type\":\"PropertyValueSpecification\",\"valueRequired\":true,\"valueName\":\"search_term_string\"}}],\"inLanguage\":\"tr\"},{\"@type\":\"Organization\",\"@id\":\"https:\/\/dayanisma.localmakers.com.tr\/deprem\/#organization\",\"name\":\"Local Makers\",\"url\":\"https:\/\/dayanisma.localmakers.com.tr\/deprem\/\",\"logo\":{\"@type\":\"ImageObject\",\"inLanguage\":\"tr\",\"@id\":\"https:\/\/dayanisma.localmakers.com.tr\/deprem\/#\/schema\/logo\/image\/\",\"url\":\"https:\/\/dayanisma.localmakers.com.tr\/wp-content\/uploads\/2023\/02\/323960333_212825964461221_2732252521807638944_n.jpg\",\"contentUrl\":\"https:\/\/dayanisma.localmakers.com.tr\/wp-content\/uploads\/2023\/02\/323960333_212825964461221_2732252521807638944_n.jpg\",\"width\":1080,\"height\":1080,\"caption\":\"Local Makers\"},\"image\":{\"@id\":\"https:\/\/dayanisma.localmakers.com.tr\/deprem\/#\/schema\/logo\/image\/\"},\"sameAs\":[\"https:\/\/www.instagram.com\/localmakers.tr\/\"]}]}<\/script>\n<!-- \/ Yoast SEO plugin. -->","yoast_head_json":{"title":"H\u0131zl\u0131 Dayan\u0131\u015fma Ba\u015fvurusu &#8226; Local Makers Dayan\u0131\u015fma","description":"Deprem b\u00f6lgesinde yer alan \u00fcreticiyseniz ve h\u0131zl\u0131 bir \u015fekilde sat\u0131lmas\u0131 gereken \u00fcr\u00fcnleriniz var ise; bu sayfadaki formu doldurabilirsiniz.","robots":{"index":"index","follow":"follow","max-snippet":"max-snippet:-1","max-image-preview":"max-image-preview:large","max-video-preview":"max-video-preview:-1"},"canonical":"https:\/\/dayanisma.localmakers.com.tr\/deprem\/hizli-dayanisma-basvurusu\/","og_locale":"tr_TR","og_type":"article","og_title":"H\u0131zl\u0131 Dayan\u0131\u015fma Ba\u015fvurusu &#8226; Local Makers Dayan\u0131\u015fma","og_description":"Deprem b\u00f6lgesinde yer alan \u00fcreticiyseniz ve h\u0131zl\u0131 bir \u015fekilde sat\u0131lmas\u0131 gereken \u00fcr\u00fcnleriniz var ise; bu sayfadaki formu doldurabilirsiniz.","og_url":"https:\/\/dayanisma.localmakers.com.tr\/deprem\/hizli-dayanisma-basvurusu\/","og_site_name":"Local Makers Dayan\u0131\u015fma","article_modified_time":"2023-02-21T08:01:07+00:00","og_image":[{"width":1200,"height":630,"url":"https:\/\/dayanisma.localmakers.com.tr\/deprem\/wp-content\/uploads\/2023\/02\/Dayanisma-Agi.jpg","type":"image\/jpeg"}],"twitter_card":"summary_large_image","twitter_misc":{"Tahmini okuma s\u00fcresi":"1 dakika"},"schema":{"@context":"https:\/\/schema.org","@graph":[{"@type":"WebPage","@id":"https:\/\/dayanisma.localmakers.com.tr\/deprem\/hizli-dayanisma-basvurusu\/","url":"https:\/\/dayanisma.localmakers.com.tr\/deprem\/hizli-dayanisma-basvurusu\/","name":"H\u0131zl\u0131 Dayan\u0131\u015fma Ba\u015fvurusu &#8226; Local Makers Dayan\u0131\u015fma","isPartOf":{"@id":"https:\/\/dayanisma.localmakers.com.tr\/deprem\/#website"},"datePublished":"2023-02-21T07:30:29+00:00","dateModified":"2023-02-21T08:01:07+00:00","description":"Deprem b\u00f6lgesinde yer alan \u00fcreticiyseniz ve h\u0131zl\u0131 bir \u015fekilde sat\u0131lmas\u0131 gereken \u00fcr\u00fcnleriniz var ise; bu sayfadaki formu doldurabilirsiniz.","breadcrumb":{"@id":"https:\/\/dayanisma.localmakers.com.tr\/deprem\/hizli-dayanisma-basvurusu\/#breadcrumb"},"inLanguage":"tr","potentialAction":[{"@type":"ReadAction","target":["https:\/\/dayanisma.localmakers.com.tr\/deprem\/hizli-dayanisma-basvurusu\/"]}]},{"@type":"BreadcrumbList","@id":"https:\/\/dayanisma.localmakers.com.tr\/deprem\/hizli-dayanisma-basvurusu\/#breadcrumb","itemListElement":[{"@type":"ListItem","position":1,"name":"Home","item":"https:\/\/dayanisma.localmakers.com.tr\/deprem\/"},{"@type":"ListItem","position":2,"name":"H\u0131zl\u0131 Dayan\u0131\u015fma Ba\u015fvurusu"}]},{"@type":"WebSite","@id":"https:\/\/dayanisma.localmakers.com.tr\/deprem\/#website","url":"https:\/\/dayanisma.localmakers.com.tr\/deprem\/","name":"Local Makers Dayan\u0131\u015fma","description":"","publisher":{"@id":"https:\/\/dayanisma.localmakers.com.tr\/deprem\/#organization"},"potentialAction":[{"@type":"SearchAction","target":{"@type":"EntryPoint","urlTemplate":"https:\/\/dayanisma.localmakers.com.tr\/deprem\/?s={search_term_string}"},"query-input":{"@type":"PropertyValueSpecification","valueRequired":true,"valueName":"search_term_string"}}],"inLanguage":"tr"},{"@type":"Organization","@id":"https:\/\/dayanisma.localmakers.com.tr\/deprem\/#organization","name":"Local Makers","url":"https:\/\/dayanisma.localmakers.com.tr\/deprem\/","logo":{"@type":"ImageObject","inLanguage":"tr","@id":"https:\/\/dayanisma.localmakers.com.tr\/deprem\/#\/schema\/logo\/image\/","url":"https:\/\/dayanisma.localmakers.com.tr\/wp-content\/uploads\/2023\/02\/323960333_212825964461221_2732252521807638944_n.jpg","contentUrl":"https:\/\/dayanisma.localmakers.com.tr\/wp-content\/uploads\/2023\/02\/323960333_212825964461221_2732252521807638944_n.jpg","width":1080,"height":1080,"caption":"Local Makers"},"image":{"@id":"https:\/\/dayanisma.localmakers.com.tr\/deprem\/#\/schema\/logo\/image\/"},"sameAs":["https:\/\/www.instagram.com\/localmakers.tr\/"]}]}},"_links":{"self":[{"href":"https:\/\/dayanisma.localmakers.com.tr\/deprem\/wp-json\/wp\/v2\/pages\/794","targetHints":{"allow":["GET"]}}],"collection":[{"href":"https:\/\/dayanisma.localmakers.com.tr\/deprem\/wp-json\/wp\/v2\/pages"}],"about":[{"href":"https:\/\/dayanisma.localmakers.com.tr\/deprem\/wp-json\/wp\/v2\/types\/page"}],"author":[{"embeddable":true,"href":"https:\/\/dayanisma.localmakers.com.tr\/deprem\/wp-json\/wp\/v2\/users\/1"}],"replies":[{"embeddable":true,"href":"https:\/\/dayanisma.localmakers.com.tr\/deprem\/wp-json\/wp\/v2\/comments?post=794"}],"version-history":[{"count":5,"href":"https:\/\/dayanisma.localmakers.com.tr\/deprem\/wp-json\/wp\/v2\/pages\/794\/revisions"}],"predecessor-version":[{"id":820,"href":"https:\/\/dayanisma.localmakers.com.tr\/deprem\/wp-json\/wp\/v2\/pages\/794\/revisions\/820"}],"wp:attachment":[{"href":"https:\/\/dayanisma.localmakers.com.tr\/deprem\/wp-json\/wp\/v2\/media?parent=794"}],"curies":[{"name":"wp","href":"https:\/\/api.w.org\/{rel}","templated":true}]}}