{"id":2,"date":"2025-08-06T14:11:52","date_gmt":"2025-08-06T14:11:52","guid":{"rendered":"https:\/\/dayanisma.localmakers.com.tr\/?page_id=2"},"modified":"2025-08-07T11:32:35","modified_gmt":"2025-08-07T11:32:35","slug":"local-makers-dayanisma-agi","status":"publish","type":"page","link":"https:\/\/dayanisma.localmakers.com.tr\/","title":{"rendered":"Local Makers Dayan\u0131\u015fma A\u011f\u0131"},"content":{"rendered":"\t\t<div data-elementor-type=\"wp-page\" data-elementor-id=\"2\" class=\"elementor elementor-2\" data-elementor-post-type=\"page\">\n\t\t\t\t<div class=\"elementor-element elementor-element-a68297f e-flex e-con-boxed e-con e-parent\" data-id=\"a68297f\" data-element_type=\"container\">\n\t\t\t\t\t<div class=\"e-con-inner\">\n\t\t<div class=\"elementor-element elementor-element-1e46fb6 e-con-full e-flex e-con e-child\" data-id=\"1e46fb6\" data-element_type=\"container\">\n\t\t\t\t<div class=\"elementor-element elementor-element-cedfd22 elementor-widget elementor-widget-image\" data-id=\"cedfd22\" data-element_type=\"widget\" data-widget_type=\"image.default\">\n\t\t\t\t\t\t\t\t\t\t\t\t\t\t\t<img fetchpriority=\"high\" decoding=\"async\" width=\"800\" height=\"481\" src=\"https:\/\/dayanisma.localmakers.com.tr\/wp-content\/uploads\/2025\/08\/lmlogobeyaz-1024x616.png\" class=\"attachment-large size-large wp-image-14\" alt=\"\" srcset=\"https:\/\/dayanisma.localmakers.com.tr\/wp-content\/uploads\/2025\/08\/lmlogobeyaz-1024x616.png 1024w, https:\/\/dayanisma.localmakers.com.tr\/wp-content\/uploads\/2025\/08\/lmlogobeyaz-300x181.png 300w, https:\/\/dayanisma.localmakers.com.tr\/wp-content\/uploads\/2025\/08\/lmlogobeyaz-768x462.png 768w, https:\/\/dayanisma.localmakers.com.tr\/wp-content\/uploads\/2025\/08\/lmlogobeyaz.png 1080w\" sizes=\"(max-width: 800px) 100vw, 800px\" \/>\t\t\t\t\t\t\t\t\t\t\t\t\t\t\t<\/div>\n\t\t\t\t<div class=\"elementor-element elementor-element-cb0419d elementor-widget elementor-widget-heading\" data-id=\"cb0419d\" data-element_type=\"widget\" data-widget_type=\"heading.default\">\n\t\t\t\t\t<h1 class=\"elementor-heading-title elementor-size-default\">Local Makers Dayan\u0131\u015fma A\u011f\u0131<\/h1>\t\t\t\t<\/div>\n\t\t\t\t<\/div>\n\t\t<div class=\"elementor-element elementor-element-b43d13d e-con-full e-flex e-con e-child\" data-id=\"b43d13d\" data-element_type=\"container\">\n\t\t\t\t<div class=\"elementor-element elementor-element-865baf0 elementor-align-left elementor-widget elementor-widget-button\" data-id=\"865baf0\" data-element_type=\"widget\" data-widget_type=\"button.default\">\n\t\t\t\t\t\t\t\t\t\t<a class=\"elementor-button elementor-button-link elementor-size-sm elementor-animation-grow\" href=\"\/deprem\/\">\n\t\t\t\t\t\t<span class=\"elementor-button-content-wrapper\">\n\t\t\t\t\t\t\t\t\t<span class=\"elementor-button-text\">\/deprem<\/span>\n\t\t\t\t\t<\/span>\n\t\t\t\t\t<\/a>\n\t\t\t\t\t\t\t\t<\/div>\n\t\t\t\t<\/div>\n\t\t\t\t\t<\/div>\n\t\t\t\t<\/div>\n\t\t\t\t<\/div>\n\t\t","protected":false},"excerpt":{"rendered":"<p>Local Makers Dayan\u0131\u015fma A\u011f\u0131 \/deprem<\/p>\n","protected":false},"author":1,"featured_media":0,"parent":0,"menu_order":0,"comment_status":"closed","ping_status":"closed","template":"","meta":{"footnotes":""},"class_list":["post-2","page","type-page","status-publish","hentry"],"_links":{"self":[{"href":"https:\/\/dayanisma.localmakers.com.tr\/index.php\/wp-json\/wp\/v2\/pages\/2","targetHints":{"allow":["GET"]}}],"collection":[{"href":"https:\/\/dayanisma.localmakers.com.tr\/index.php\/wp-json\/wp\/v2\/pages"}],"about":[{"href":"https:\/\/dayanisma.localmakers.com.tr\/index.php\/wp-json\/wp\/v2\/types\/page"}],"author":[{"embeddable":true,"href":"https:\/\/dayanisma.localmakers.com.tr\/index.php\/wp-json\/wp\/v2\/users\/1"}],"replies":[{"embeddable":true,"href":"https:\/\/dayanisma.localmakers.com.tr\/index.php\/wp-json\/wp\/v2\/comments?post=2"}],"version-history":[{"count":22,"href":"https:\/\/dayanisma.localmakers.com.tr\/index.php\/wp-json\/wp\/v2\/pages\/2\/revisions"}],"predecessor-version":[{"id":45,"href":"https:\/\/dayanisma.localmakers.com.tr\/index.php\/wp-json\/wp\/v2\/pages\/2\/revisions\/45"}],"wp:attachment":[{"href":"https:\/\/dayanisma.localmakers.com.tr\/index.php\/wp-json\/wp\/v2\/media?parent=2"}],"curies":[{"name":"wp","href":"https:\/\/api.w.org\/{rel}","templated":true}]}}